{"id":47,"date":"2023-07-04T18:46:25","date_gmt":"2023-07-04T18:46:25","guid":{"rendered":"https:\/\/gaintza.com\/?page_id=47"},"modified":"2023-07-26T20:23:07","modified_gmt":"2023-07-26T20:23:07","slug":"noticias","status":"publish","type":"page","link":"https:\/\/gaintza.com\/en\/noticias\/","title":{"rendered":"NEWS"},"content":{"rendered":"<div data-elementor-type=\"wp-page\" data-elementor-id=\"47\" class=\"elementor elementor-47\" data-elementor-post-type=\"page\">\n\t\t\t\t<div class=\"elementor-element elementor-element-329d96a e-con-full elementor-hidden-mobile e-flex e-con e-parent\" data-id=\"329d96a\" data-element_type=\"container\" data-settings=\"{&quot;background_background&quot;:&quot;classic&quot;}\">\n\t\t<div class=\"elementor-element elementor-element-81ea833 e-flex e-con-boxed e-con e-child\" data-id=\"81ea833\" data-element_type=\"container\">\n\t\t\t\t\t<div class=\"e-con-inner\">\n\t\t\t\t<div class=\"elementor-element elementor-element-bff82a1 elementor-widget__width-initial elementor-invisible elementor-widget elementor-widget-heading\" data-id=\"bff82a1\" data-element_type=\"widget\" data-settings=\"{&quot;_animation&quot;:&quot;fadeIn&quot;}\" data-widget_type=\"heading.default\">\n\t\t\t\t<div class=\"elementor-widget-container\">\n\t\t\t\t\t<h1 class=\"elementor-heading-title elementor-size-default\">NEWS<\/h1>\t\t\t\t<\/div>\n\t\t\t\t<\/div>\n\t\t\t\t\t<\/div>\n\t\t\t\t<\/div>\n\t\t\t\t<\/div>\n\t\t<div class=\"elementor-element elementor-element-0f9be25 elementor-hidden-desktop elementor-hidden-tablet e-flex e-con-boxed e-con e-parent\" data-id=\"0f9be25\" data-element_type=\"container\" data-settings=\"{&quot;background_background&quot;:&quot;classic&quot;}\">\n\t\t\t\t\t<div class=\"e-con-inner\">\n\t\t\t\t<div class=\"elementor-element elementor-element-eac20a9 elementor-widget elementor-widget-image\" data-id=\"eac20a9\" data-element_type=\"widget\" data-widget_type=\"image.default\">\n\t\t\t\t<div class=\"elementor-widget-container\">\n\t\t\t\t\t\t\t\t\t\t\t\t\t\t\t<img fetchpriority=\"high\" decoding=\"async\" width=\"589\" height=\"625\" src=\"https:\/\/gaintza.com\/wp-content\/uploads\/2023\/07\/tienda.png\" class=\"attachment-large size-large wp-image-768\" alt=\"\" srcset=\"https:\/\/gaintza.com\/wp-content\/uploads\/2023\/07\/tienda.png 589w, https:\/\/gaintza.com\/wp-content\/uploads\/2023\/07\/tienda-283x300.png 283w\" sizes=\"(max-width: 589px) 100vw, 589px\" \/>\t\t\t\t\t\t\t\t\t\t\t\t\t\t\t<\/div>\n\t\t\t\t<\/div>\n\t\t\t\t<div class=\"elementor-element elementor-element-58c11db elementor-widget__width-initial elementor-invisible elementor-widget elementor-widget-heading\" data-id=\"58c11db\" data-element_type=\"widget\" data-settings=\"{&quot;_animation&quot;:&quot;fadeIn&quot;}\" data-widget_type=\"heading.default\">\n\t\t\t\t<div class=\"elementor-widget-container\">\n\t\t\t\t\t<h1 class=\"elementor-heading-title elementor-size-default\">NEWS<\/h1>\t\t\t\t<\/div>\n\t\t\t\t<\/div>\n\t\t\t\t\t<\/div>\n\t\t\t\t<\/div>\n\t\t<div class=\"elementor-element elementor-element-948b39a e-flex e-con-boxed e-con e-parent\" data-id=\"948b39a\" data-element_type=\"container\" data-settings=\"{&quot;background_background&quot;:&quot;classic&quot;}\">\n\t\t\t\t\t<div class=\"e-con-inner\">\n\t\t\t\t<div class=\"elementor-element elementor-element-797046d elementor-grid-2 elementor-grid-tablet-2 elementor-grid-mobile-1 elementor-posts--thumbnail-top elementor-posts__hover-gradient load-more-align-center elementor-invisible elementor-widget elementor-widget-posts\" data-id=\"797046d\" data-element_type=\"widget\" data-settings=\"{&quot;cards_columns&quot;:&quot;2&quot;,&quot;pagination_type&quot;:&quot;load_more_on_click&quot;,&quot;_animation&quot;:&quot;fadeIn&quot;,&quot;cards_columns_tablet&quot;:&quot;2&quot;,&quot;cards_columns_mobile&quot;:&quot;1&quot;,&quot;cards_row_gap&quot;:{&quot;unit&quot;:&quot;px&quot;,&quot;size&quot;:35,&quot;sizes&quot;:[]},&quot;cards_row_gap_tablet&quot;:{&quot;unit&quot;:&quot;px&quot;,&quot;size&quot;:&quot;&quot;,&quot;sizes&quot;:[]},&quot;cards_row_gap_mobile&quot;:{&quot;unit&quot;:&quot;px&quot;,&quot;size&quot;:&quot;&quot;,&quot;sizes&quot;:[]},&quot;load_more_spinner&quot;:{&quot;value&quot;:&quot;fas fa-spinner&quot;,&quot;library&quot;:&quot;fa-solid&quot;}}\" data-widget_type=\"posts.cards\">\n\t\t\t\t<div class=\"elementor-widget-container\">\n\t\t\t\t\t\t\t<div class=\"elementor-posts-container elementor-posts elementor-posts--skin-cards elementor-grid\" role=\"list\">\n\t\t\t\t<article class=\"elementor-post elementor-grid-item post-3612 post type-post status-publish format-standard has-post-thumbnail hentry category-uncategorized entry has-media\" role=\"listitem\">\n\t\t\t<div class=\"elementor-post__card\">\n\t\t\t\t<a class=\"elementor-post__thumbnail__link\" href=\"https:\/\/gaintza.com\/en\/ejemplo-num-4-copy\/\" tabindex=\"-1\" ><div class=\"elementor-post__thumbnail\"><img decoding=\"async\" width=\"960\" height=\"642\" src=\"https:\/\/gaintza.com\/wp-content\/uploads\/2023\/12\/mimbre-Gaintza.jpeg\" class=\"attachment-full size-full wp-image-3613\" alt=\"\" srcset=\"https:\/\/gaintza.com\/wp-content\/uploads\/2023\/12\/mimbre-Gaintza.jpeg 960w, https:\/\/gaintza.com\/wp-content\/uploads\/2023\/12\/mimbre-Gaintza-300x201.jpeg 300w, https:\/\/gaintza.com\/wp-content\/uploads\/2023\/12\/mimbre-Gaintza-768x514.jpeg 768w, https:\/\/gaintza.com\/wp-content\/uploads\/2023\/12\/mimbre-Gaintza-18x12.jpeg 18w\" sizes=\"(max-width: 960px) 100vw, 960px\" \/><\/div><\/a>\n\t\t\t\t<div class=\"elementor-post__text\">\n\t\t\t\t<h3 class=\"elementor-post__title\">\n\t\t\t<a href=\"https:\/\/gaintza.com\/en\/ejemplo-num-4-copy\/\" >\n\t\t\t\tEl uso del mimbre en el vi\u00f1edo\t\t\t<\/a>\n\t\t<\/h3>\n\t\t\t\t<div class=\"elementor-post__excerpt\">\n\t\t\t<p>Hoy nos hemos parado a recordar el uso del mimbre en el vi\u00f1edo.<\/p>\n\t\t<\/div>\n\t\t\n\t\t<a class=\"elementor-post__read-more\" href=\"https:\/\/gaintza.com\/en\/ejemplo-num-4-copy\/\" aria-label=\"Read more about El uso del mimbre en el vi\u00f1edo\" tabindex=\"-1\" >\n\t\t\tVer m\u00e1s\t\t<\/a>\n\n\t\t\t\t<\/div>\n\t\t\t\t<div class=\"elementor-post__meta-data\">\n\t\t\t\t\t<span class=\"elementor-post-date\">\n\t\t\tMarch 9, 2023\t\t<\/span>\n\t\t\t\t<\/div>\n\t\t\t\t\t<\/div>\n\t\t<\/article>\n\t\t\t\t<article class=\"elementor-post elementor-grid-item post-3607 post type-post status-publish format-standard has-post-thumbnail hentry category-uncategorized entry has-media\" role=\"listitem\">\n\t\t\t<div class=\"elementor-post__card\">\n\t\t\t\t<a class=\"elementor-post__thumbnail__link\" href=\"https:\/\/gaintza.com\/en\/entrada-2-copy-copy\/\" tabindex=\"-1\" ><div class=\"elementor-post__thumbnail\"><img decoding=\"async\" width=\"2560\" height=\"1680\" src=\"https:\/\/gaintza.com\/wp-content\/uploads\/2023\/12\/gaintza-blog-1.jpeg\" class=\"attachment-full size-full wp-image-3608\" alt=\"bodegas con hotel gps\" srcset=\"https:\/\/gaintza.com\/wp-content\/uploads\/2023\/12\/gaintza-blog-1.jpeg 2560w, https:\/\/gaintza.com\/wp-content\/uploads\/2023\/12\/gaintza-blog-1-300x197.jpeg 300w, https:\/\/gaintza.com\/wp-content\/uploads\/2023\/12\/gaintza-blog-1-1024x672.jpeg 1024w, https:\/\/gaintza.com\/wp-content\/uploads\/2023\/12\/gaintza-blog-1-768x504.jpeg 768w, https:\/\/gaintza.com\/wp-content\/uploads\/2023\/12\/gaintza-blog-1-1536x1008.jpeg 1536w, https:\/\/gaintza.com\/wp-content\/uploads\/2023\/12\/gaintza-blog-1-2048x1344.jpeg 2048w, https:\/\/gaintza.com\/wp-content\/uploads\/2023\/12\/gaintza-blog-1-18x12.jpeg 18w\" sizes=\"(max-width: 2560px) 100vw, 2560px\" \/><\/div><\/a>\n\t\t\t\t<div class=\"elementor-post__text\">\n\t\t\t\t<h3 class=\"elementor-post__title\">\n\t\t\t<a href=\"https:\/\/gaintza.com\/en\/entrada-2-copy-copy\/\" >\n\t\t\t\tBodegas con Hotel\t\t\t<\/a>\n\t\t<\/h3>\n\t\t\t\t<div class=\"elementor-post__excerpt\">\n\t\t\t<p>Os invitamos a leer este art\u00edculo redactado por Iratxe Lopez para la secci\u00f3n GPS (Gu\u00eda Para Salir) de EL CORREO.<\/p>\n\t\t<\/div>\n\t\t\n\t\t<a class=\"elementor-post__read-more\" href=\"https:\/\/gaintza.com\/en\/entrada-2-copy-copy\/\" aria-label=\"Read more about Bodegas con Hotel\" tabindex=\"-1\" >\n\t\t\tVer m\u00e1s\t\t<\/a>\n\n\t\t\t\t<\/div>\n\t\t\t\t<div class=\"elementor-post__meta-data\">\n\t\t\t\t\t<span class=\"elementor-post-date\">\n\t\t\tJanuary 26, 2023\t\t<\/span>\n\t\t\t\t<\/div>\n\t\t\t\t\t<\/div>\n\t\t<\/article>\n\t\t\t\t<\/div>\n\t\t\t\t\t<span class=\"e-load-more-spinner\">\n\t\t\t\t<i aria-hidden=\"true\" class=\"fas fa-spinner\"><\/i>\t\t\t<\/span>\n\t\t\n\t\t\t\t\t\t<\/div>\n\t\t\t\t<\/div>\n\t\t\t\t\t<\/div>\n\t\t\t\t<\/div>\n\t\t\t\t<\/div>","protected":false},"excerpt":{"rendered":"<p>Noticias Noticias<\/p>","protected":false},"author":1,"featured_media":0,"parent":0,"menu_order":0,"comment_status":"closed","ping_status":"closed","template":"elementor_header_footer","meta":{"_joinchat":[],"footnotes":""},"class_list":["post-47","page","type-page","status-publish","hentry","entry","has-media"],"_links":{"self":[{"href":"https:\/\/gaintza.com\/en\/wp-json\/wp\/v2\/pages\/47","targetHints":{"allow":["GET"]}}],"collection":[{"href":"https:\/\/gaintza.com\/en\/wp-json\/wp\/v2\/pages"}],"about":[{"href":"https:\/\/gaintza.com\/en\/wp-json\/wp\/v2\/types\/page"}],"author":[{"embeddable":true,"href":"https:\/\/gaintza.com\/en\/wp-json\/wp\/v2\/users\/1"}],"replies":[{"embeddable":true,"href":"https:\/\/gaintza.com\/en\/wp-json\/wp\/v2\/comments?post=47"}],"version-history":[{"count":52,"href":"https:\/\/gaintza.com\/en\/wp-json\/wp\/v2\/pages\/47\/revisions"}],"predecessor-version":[{"id":3217,"href":"https:\/\/gaintza.com\/en\/wp-json\/wp\/v2\/pages\/47\/revisions\/3217"}],"wp:attachment":[{"href":"https:\/\/gaintza.com\/en\/wp-json\/wp\/v2\/media?parent=47"}],"curies":[{"name":"wp","href":"https:\/\/api.w.org\/{rel}","templated":true}]}}